{"id":1554,"date":"2020-06-01T13:59:38","date_gmt":"2020-06-01T11:59:38","guid":{"rendered":"https:\/\/www.alienor-vini.fr\/methodologie\/"},"modified":"2020-08-17T11:08:57","modified_gmt":"2020-08-17T09:08:57","slug":"methodologie","status":"publish","type":"page","link":"https:\/\/www.alienor-vini.fr\/fr\/methodologie\/","title":{"rendered":"M\u00e9thodologie"},"content":{"rendered":"<p>[vc_row css_animation=\u00a0\u00bb\u00a0\u00bb row_type=\u00a0\u00bbrow\u00a0\u00bb use_row_as_full_screen_section=\u00a0\u00bbno\u00a0\u00bb type=\u00a0\u00bbfull_width\u00a0\u00bb angled_section=\u00a0\u00bbno\u00a0\u00bb text_align=\u00a0\u00bbcenter\u00a0\u00bb background_image_as_pattern=\u00a0\u00bbwithout_pattern\u00a0\u00bb background_color=\u00a0\u00bb#ffffff\u00a0\u00bb padding_top=\u00a0\u00bb55&Prime; padding_bottom=\u00a0\u00bb60&Prime; z_index=\u00a0\u00bb\u00a0\u00bb][vc_column width=\u00a0\u00bb1\/4&Prime; css=\u00a0\u00bb.vc_custom_1553779435433{margin-right: 0px !important;margin-left: 0px !important;padding-top: 75px !important;padding-right: 75px !important;padding-left: 125px !important;}\u00a0\u00bb][\/vc_column][vc_column width=\u00a0\u00bb1\/2&Prime; css=\u00a0\u00bb.vc_custom_1571223792592{padding-right: 25px !important;padding-left: 25px !important;}\u00a0\u00bb][vc_column_text]<\/p>\n<h1 style=\"text-align: center;\">M\u00e9thodologie<\/h1>\n<p>[\/vc_column_text][vc_separator type=\u00a0\u00bbsmall\u00a0\u00bb position=\u00a0\u00bbcenter\u00a0\u00bb up=\u00a0\u00bb7&Prime; down=\u00a0\u00bb38&Prime;][vc_column_text]Vous manquez de stockage en cuverie ou en cave, vous n\u2019\u00eates plus aux normes qualitatives actuelles ou vous faites face \u00e0 une augmentation de votre approvisionnement en raisin ? Nous sommes l\u00e0 pour vous quel que soit la taille de votre exploitation, partout en France, car c\u2019est notre m\u00e9tier depuis plus de 20 ans.[\/vc_column_text][vc_empty_space height=\u00a0\u00bb45px\u00a0\u00bb][vc_column_text]<\/p>\n<p style=\"text-align: center;\"><strong>\u2022 Etude de faisabilit\u00e9 rapide,<br \/>\n\u2022 Estimations pr\u00e9cises des co\u00fbts de construction et des aides France Agrimer,<br \/>\n\u2022 Toutes les comp\u00e9tences en interne pour un projet maitris\u00e9,<br \/>\n\u2022 Des travaux encadr\u00e9s pour coller au timing des vendanges,<br \/>\n\u2022 Un engagement par \u00e9tape.<\/strong><\/p>\n<p>[\/vc_column_text][\/vc_column][vc_column width=\u00a0\u00bb1\/4&Prime;][\/vc_column][\/vc_row][vc_row css_animation=\u00a0\u00bb\u00a0\u00bb row_type=\u00a0\u00bbrow\u00a0\u00bb use_row_as_full_screen_section=\u00a0\u00bbno\u00a0\u00bb type=\u00a0\u00bbfull_width\u00a0\u00bb angled_section=\u00a0\u00bbno\u00a0\u00bb text_align=\u00a0\u00bbleft\u00a0\u00bb background_image_as_pattern=\u00a0\u00bbwithout_pattern\u00a0\u00bb z_index=\u00a0\u00bb\u00a0\u00bb css=\u00a0\u00bb.vc_custom_1591170425320{padding-top: 75px !important;padding-right: 55px !important;padding-bottom: 25px !important;padding-left: 55px !important;}\u00a0\u00bb][vc_column width=\u00a0\u00bb4\/12&Prime;][vc_single_image image=\u00a0\u00bb1378&Prime; img_size=\u00a0\u00bbfull\u00a0\u00bb qode_css_animation=\u00a0\u00bb\u00a0\u00bb][\/vc_column][vc_column width=\u00a0\u00bb8\/12&Prime;][vc_column_text]<\/p>\n<h4 style=\"text-align: left;\"><strong>Etape 1 : comprendre et traduire<\/strong><\/h4>\n<p>[\/vc_column_text][vc_empty_space height=\u00a0\u00bb20px\u00a0\u00bb][vc_column_text]Nous faisons un \u00e9tat complet de votre outil de production (surface de vignes, ratio et rendement, type de r\u00e9colte et de vinification, b\u00e2timent et installation existants, \u2026) et d\u00e9finissons ensemble vos objectifs (augmentation des volumes, am\u00e9lioration et optimisation du travail, accueil du public, architecture, budget, \u2026).<\/p>\n<p>&nbsp;<\/p>\n<p>Apr\u00e8s avoir fait l\u2019\u00e9tat de l\u2019existant et d\u00e9fini les besoins, nous entamons l\u2019\u00e9tude de faisabilit\u00e9 fonctionnelle. Nous travaillons ensemble pour revoir les flux (raisins \/ vins \/ travail \/ public \/ lien avec l\u2019existant, \u2026) et d\u00e9finir les outils de production (r\u00e9ception vendange, nombre et type de cuves, vieillissement, stockage et mise en bouteille, \u2026). Pour cela, nous montons une maquette 3D num\u00e9rique pour une meilleure immersion dans le projet.[\/vc_column_text][vc_empty_space][\/vc_column][\/vc_row][vc_row css_animation=\u00a0\u00bb\u00a0\u00bb row_type=\u00a0\u00bbrow\u00a0\u00bb use_row_as_full_screen_section=\u00a0\u00bbno\u00a0\u00bb type=\u00a0\u00bbfull_width\u00a0\u00bb angled_section=\u00a0\u00bbno\u00a0\u00bb text_align=\u00a0\u00bbleft\u00a0\u00bb background_image_as_pattern=\u00a0\u00bbwithout_pattern\u00a0\u00bb z_index=\u00a0\u00bb\u00a0\u00bb css=\u00a0\u00bb.vc_custom_1591170433198{padding-top: 25px !important;padding-right: 55px !important;padding-bottom: 25px !important;padding-left: 55px !important;}\u00a0\u00bb][vc_column width=\u00a0\u00bb4\/12&Prime;][vc_single_image image=\u00a0\u00bb1386&Prime; img_size=\u00a0\u00bbfull\u00a0\u00bb qode_css_animation=\u00a0\u00bb\u00a0\u00bb][\/vc_column][vc_column width=\u00a0\u00bb8\/12&Prime;][vc_column_text]<\/p>\n<h4 style=\"text-align: left;\"><strong>Etape 2 : \u00e9tudier<\/strong><\/h4>\n<p>[\/vc_column_text][vc_empty_space height=\u00a0\u00bb20px\u00a0\u00bb][vc_column_text]Une fois les flux et outils de production arr\u00eat\u00e9s, nous lan\u00e7ons la conception architecturale en nous associant avec un architecte d\u00e9fini ou en organisant un concours, les \u00e9tudes techniques (ing\u00e9nierie b\u00e2timent), les estimations budg\u00e9taires, la planification et les dossiers administratifs (permis de construire, aides France Agrimer, \u2026).[\/vc_column_text][vc_empty_space][\/vc_column][\/vc_row][vc_row css_animation=\u00a0\u00bb\u00a0\u00bb row_type=\u00a0\u00bbrow\u00a0\u00bb use_row_as_full_screen_section=\u00a0\u00bbno\u00a0\u00bb type=\u00a0\u00bbfull_width\u00a0\u00bb angled_section=\u00a0\u00bbno\u00a0\u00bb text_align=\u00a0\u00bbleft\u00a0\u00bb background_image_as_pattern=\u00a0\u00bbwithout_pattern\u00a0\u00bb z_index=\u00a0\u00bb\u00a0\u00bb css=\u00a0\u00bb.vc_custom_1591170439672{padding-top: 25px !important;padding-right: 55px !important;padding-bottom: 75px !important;padding-left: 55px !important;}\u00a0\u00bb][vc_column width=\u00a0\u00bb4\/12&Prime;][vc_single_image image=\u00a0\u00bb1376&Prime; img_size=\u00a0\u00bbfull\u00a0\u00bb qode_css_animation=\u00a0\u00bb\u00a0\u00bb][\/vc_column][vc_column width=\u00a0\u00bb8\/12&Prime;][vc_column_text]<\/p>\n<h4 style=\"text-align: left;\"><strong>Etape 3 : ex\u00e9cuter<\/strong><\/h4>\n<p>[\/vc_column_text][vc_empty_space height=\u00a0\u00bb20px\u00a0\u00bb][vc_column_text]Enfin, l\u2019ensemble des \u00e9tudes techniques \u00e9tant termin\u00e9es, nous vous accompagnons dans la consultation, l\u2019analyse et le choix des entreprises, le suivi des travaux et du budget, ou tout simplement la gestion cl\u00e9 en main de votre projet.[\/vc_column_text][vc_empty_space][\/vc_column][\/vc_row][vc_row css_animation=\u00a0\u00bb\u00a0\u00bb row_type=\u00a0\u00bbrow\u00a0\u00bb use_row_as_full_screen_section=\u00a0\u00bbno\u00a0\u00bb type=\u00a0\u00bbfull_width\u00a0\u00bb angled_section=\u00a0\u00bbno\u00a0\u00bb text_align=\u00a0\u00bbleft\u00a0\u00bb background_image_as_pattern=\u00a0\u00bbwithout_pattern\u00a0\u00bb padding_top=\u00a0\u00bb0&Prime; padding_bottom=\u00a0\u00bb0&Prime;][vc_column]<div class=\"call_to_action normal\" style=\"background-color: #640e39;\"><div class=\"container_inner\"><div class=\"two_columns_75_25 clearfix\"><div class=\"text_wrapper column1\"><div class=\"call_to_action_text \" style=\"\">\n<h3><span style=\"color: #ffffff;\">30 ANS D\u2019EXP\u00c9RIENCE DANS LE MILIEU VINICOLE, AU SERVICE DE NOS CLIENTS.<\/span><\/h3>\n<\/div><\/div><div class=\"button_wrapper column2\"><a itemprop=\"url\" href=\"\/references\" class=\"qbutton white \" target=\"_self\" style=\"color: #ffffff;border-color: #ffffff;\"data-hover-background-color=#ffffff data-hover-border-color=#ffffff data-hover-color=#640e39>D\u00e9couvrez nos r\u00e9alisations<\/a><\/div><\/div><\/div><\/div>[\/vc_column][\/vc_row]<\/p>\n","protected":false},"excerpt":{"rendered":"<p>[vc_row css_animation=\u00a0\u00bb\u00a0\u00bb row_type=\u00a0\u00bbrow\u00a0\u00bb use_row_as_full_screen_section=\u00a0\u00bbno\u00a0\u00bb type=\u00a0\u00bbfull_width\u00a0\u00bb angled_section=\u00a0\u00bbno\u00a0\u00bb text_align=\u00a0\u00bbcenter\u00a0\u00bb background_image_as_pattern=\u00a0\u00bbwithout_pattern\u00a0\u00bb background_color=\u00a0\u00bb#ffffff\u00a0\u00bb padding_top=\u00a0\u00bb55&Prime; padding_bottom=\u00a0\u00bb60&Prime; z_index=\u00a0\u00bb\u00a0\u00bb][vc_column width=\u00a0\u00bb1\/4&Prime; css=\u00a0\u00bb.vc_custom_1553779435433{margin-right: 0px !important;margin-left: 0px !important;padding-top: 75px !important;padding-right: 75px !important;padding-left: 125px !important;}\u00a0\u00bb][\/vc_column][vc_column width=\u00a0\u00bb1\/2&Prime; css=\u00a0\u00bb.vc_custom_1571223792592{padding-right: 25px !important;padding-left: 25px !important;}\u00a0\u00bb][vc_column_text] M\u00e9thodologie [\/vc_column_text][vc_separator type=\u00a0\u00bbsmall\u00a0\u00bb position=\u00a0\u00bbcenter\u00a0\u00bb up=\u00a0\u00bb7&Prime; down=\u00a0\u00bb38&Prime;][vc_column_text]Vous manquez de stockage en cuverie ou en cave, vous&#8230;<\/p>\n","protected":false},"author":1,"featured_media":0,"parent":0,"menu_order":2,"comment_status":"closed","ping_status":"closed","template":"full_width.php","meta":[],"_links":{"self":[{"href":"https:\/\/www.alienor-vini.fr\/fr\/wp-json\/wp\/v2\/pages\/1554"}],"collection":[{"href":"https:\/\/www.alienor-vini.fr\/fr\/wp-json\/wp\/v2\/pages"}],"about":[{"href":"https:\/\/www.alienor-vini.fr\/fr\/wp-json\/wp\/v2\/types\/page"}],"author":[{"embeddable":true,"href":"https:\/\/www.alienor-vini.fr\/fr\/wp-json\/wp\/v2\/users\/1"}],"replies":[{"embeddable":true,"href":"https:\/\/www.alienor-vini.fr\/fr\/wp-json\/wp\/v2\/comments?post=1554"}],"version-history":[{"count":1,"href":"https:\/\/www.alienor-vini.fr\/fr\/wp-json\/wp\/v2\/pages\/1554\/revisions"}],"predecessor-version":[{"id":1555,"href":"https:\/\/www.alienor-vini.fr\/fr\/wp-json\/wp\/v2\/pages\/1554\/revisions\/1555"}],"wp:attachment":[{"href":"https:\/\/www.alienor-vini.fr\/fr\/wp-json\/wp\/v2\/media?parent=1554"}],"curies":[{"name":"wp","href":"https:\/\/api.w.org\/{rel}","templated":true}]}}