{"id":207,"date":"2019-09-23T10:26:44","date_gmt":"2019-09-23T08:26:44","guid":{"rendered":"https:\/\/www.alienor-vini.fr\/?page_id=207"},"modified":"2023-02-20T15:05:32","modified_gmt":"2023-02-20T14:05:32","slug":"savoir-faire","status":"publish","type":"page","link":"https:\/\/www.alienor-vini.fr\/fr\/savoir-faire\/","title":{"rendered":"M\u00e9tiers"},"content":{"rendered":"<p>[vc_row css_animation=\u00a0\u00bb\u00a0\u00bb row_type=\u00a0\u00bbrow\u00a0\u00bb use_row_as_full_screen_section=\u00a0\u00bbno\u00a0\u00bb type=\u00a0\u00bbfull_width\u00a0\u00bb angled_section=\u00a0\u00bbno\u00a0\u00bb text_align=\u00a0\u00bbcenter\u00a0\u00bb background_image_as_pattern=\u00a0\u00bbwithout_pattern\u00a0\u00bb background_color=\u00a0\u00bb#ffffff\u00a0\u00bb padding_top=\u00a0\u00bb55&Prime; padding_bottom=\u00a0\u00bb60&Prime; z_index=\u00a0\u00bb\u00a0\u00bb][vc_column width=\u00a0\u00bb1\/4&Prime; css=\u00a0\u00bb.vc_custom_1553779435433{margin-right: 0px !important;margin-left: 0px !important;padding-top: 75px !important;padding-right: 75px !important;padding-left: 125px !important;}\u00a0\u00bb][\/vc_column][vc_column width=\u00a0\u00bb1\/2&Prime; css=\u00a0\u00bb.vc_custom_1571223792592{padding-right: 25px !important;padding-left: 25px !important;}\u00a0\u00bb][vc_column_text]<\/p>\n<h1 style=\"text-align: center;\">M\u00e9tiers<\/h1>\n<p>[\/vc_column_text][vc_separator type=\u00a0\u00bbsmall\u00a0\u00bb position=\u00a0\u00bbcenter\u00a0\u00bb up=\u00a0\u00bb7&Prime; down=\u00a0\u00bb38&Prime;][vc_column_text]<\/p>\n<p style=\"text-align: center;\">\u00c9coute et accompagnement sont les ma\u00eetres mots de notre approche. Gr\u00e2ce \u00e0 nos outils et \u00e0 notre forte exp\u00e9rience dans le domaine du vin et de l\u2019industrie, nous apportons des solutions innovantes sans bouleverser votre savoir faire. En int\u00e9grant d\u00e8s les premi\u00e8res esquisses l\u2019ensemble du process, du raisin \u00e0 la bouteille, nous nous assurons de la coh\u00e9rence de l\u2019outil de travail.<\/p>\n<p>[\/vc_column_text][\/vc_column][vc_column width=\u00a0\u00bb1\/4&Prime;][\/vc_column][\/vc_row][vc_row css_animation=\u00a0\u00bb\u00a0\u00bb row_type=\u00a0\u00bbrow\u00a0\u00bb use_row_as_full_screen_section=\u00a0\u00bbno\u00a0\u00bb type=\u00a0\u00bbfull_width\u00a0\u00bb angled_section=\u00a0\u00bbno\u00a0\u00bb text_align=\u00a0\u00bbleft\u00a0\u00bb background_image_as_pattern=\u00a0\u00bbwithout_pattern\u00a0\u00bb z_index=\u00a0\u00bb\u00a0\u00bb][vc_column][vc_row_inner row_type=\u00a0\u00bbrow\u00a0\u00bb type=\u00a0\u00bbfull_width\u00a0\u00bb text_align=\u00a0\u00bbleft\u00a0\u00bb background_color=\u00a0\u00bb#f6f6f6&Prime; css_animation=\u00a0\u00bb\u00a0\u00bb][vc_column_inner width=\u00a0\u00bb1\/2&Prime; css=\u00a0\u00bb.vc_custom_1571815960357{margin-top: 0px !important;margin-right: 0px !important;margin-bottom: 0px !important;margin-left: 0px !important;padding-top: 0px !important;padding-right: 0px !important;padding-bottom: 0px !important;padding-left: 0px !important;}\u00a0\u00bb offset=\u00a0\u00bbvc_hidden-sm vc_hidden-xs\u00a0\u00bb][vc_single_image image=\u00a0\u00bb820&Prime; img_size=\u00a0\u00bb960&#215;630&Prime; alignment=\u00a0\u00bbcenter\u00a0\u00bb qode_css_animation=\u00a0\u00bb\u00a0\u00bb css=\u00a0\u00bb.vc_custom_1617111740005{margin-top: 0px !important;margin-right: 0px !important;margin-bottom: 0px !important;margin-left: 0px !important;padding-top: 0px !important;padding-right: 0px !important;padding-bottom: 0px !important;padding-left: 0px !important;}\u00a0\u00bb][\/vc_column_inner][vc_column_inner width=\u00a0\u00bb1\/2&Prime; css=\u00a0\u00bb.vc_custom_1571815955486{margin-top: 0px !important;margin-right: 0px !important;margin-bottom: 0px !important;margin-left: 0px !important;padding-top: 75px !important;padding-right: 55px !important;padding-left: 55px !important;}\u00a0\u00bb offset=\u00a0\u00bbvc_hidden-sm vc_hidden-xs\u00a0\u00bb][vc_column_text css=\u00a0\u00bb.vc_custom_1617111164766{padding-bottom: 25px !important;}\u00a0\u00bb]<\/p>\n<h2 style=\"text-align: left;\">Consultant<\/h2>\n<p>[\/vc_column_text][vc_column_text]Nous mettons notre expertise au service des vignerons cherchant \u00e0 restructurer leurs installations, permettant de donner une vision clair et une ligne directrice du projet \u00e0 mettre en \u0153uvre.<\/p>\n<p>&nbsp;<\/p>\n<p>Notre premier r\u00f4le : comprendre et analyser les besoins. Avant de se lancer dans un projet, il est important de balayer l\u2019ensemble des solutions possibles, d\u2019en connaitre les couts et les impacts sur le travail actuel.<\/p>\n<p>&nbsp;<\/p>\n<p>Cette \u00e9tape est tr\u00e8s importante pour faire les meilleurs choix et ne doit pas \u00eatre orient\u00e9e par une contrainte fournisseur ou une signature architecturale. Nos outils et notre m\u00e9thodologie nous permettent de proposer cette mission \u00e0 faible cout pour une approche compl\u00e8te.[\/vc_column_text][\/vc_column_inner][\/vc_row_inner][vc_row_inner row_type=\u00a0\u00bbrow\u00a0\u00bb type=\u00a0\u00bbfull_width\u00a0\u00bb text_align=\u00a0\u00bbleft\u00a0\u00bb background_color=\u00a0\u00bb#f6f6f6&Prime; css_animation=\u00a0\u00bb\u00a0\u00bb][vc_column_inner width=\u00a0\u00bb1\/2&Prime; css=\u00a0\u00bb.vc_custom_1571815928437{margin-top: 0px !important;margin-right: 0px !important;margin-bottom: 0px !important;margin-left: 0px !important;padding-top: 0px !important;padding-right: 0px !important;padding-bottom: 0px !important;padding-left: 0px !important;}\u00a0\u00bb offset=\u00a0\u00bbvc_hidden-lg vc_hidden-md\u00a0\u00bb][vc_single_image image=\u00a0\u00bb820&Prime; img_size=\u00a0\u00bb960&#215;630&Prime; alignment=\u00a0\u00bbcenter\u00a0\u00bb qode_css_animation=\u00a0\u00bb\u00a0\u00bb css=\u00a0\u00bb.vc_custom_1617111755424{margin-top: 0px !important;margin-right: 0px !important;margin-bottom: 0px !important;margin-left: 0px !important;padding-top: 0px !important;padding-right: 0px !important;padding-bottom: 0px !important;padding-left: 0px !important;}\u00a0\u00bb][\/vc_column_inner][vc_column_inner width=\u00a0\u00bb1\/2&Prime; css=\u00a0\u00bb.vc_custom_1571815949328{margin-top: 0px !important;margin-right: 0px !important;margin-bottom: 0px !important;margin-left: 0px !important;padding-top: 35px !important;padding-right: 55px !important;padding-bottom: 75px !important;padding-left: 55px !important;}\u00a0\u00bb offset=\u00a0\u00bbvc_hidden-lg vc_hidden-md\u00a0\u00bb][vc_column_text css=\u00a0\u00bb.vc_custom_1569829448063{padding-bottom: 25px !important;}\u00a0\u00bb]<\/p>\n<h2 style=\"text-align: left;\">La r\u00e9ception vendanges<\/h2>\n<p>[\/vc_column_text][vc_column_text]Nous mettons notre expertise au service des vignerons cherchant \u00e0 restructurer leurs installations, permettant de donner une vision clair et une ligne directrice du projet \u00e0 mettre en \u0153uvre.<\/p>\n<p>Notre premier r\u00f4le : comprendre et analyser les besoins. Avant de se lancer dans un projet, il est important de balayer l\u2019ensemble des solutions possibles, d\u2019en connaitre les couts et les impacts sur le travail actuel.<\/p>\n<p>Cette \u00e9tape est tr\u00e8s importante pour faire les meilleurs choix et ne doit pas \u00eatre orient\u00e9e par une contrainte fournisseur ou une signature architecturale. Nos outils et notre m\u00e9thodologie nous permettent de proposer cette mission \u00e0 faible cout pour une approche compl\u00e8te.[\/vc_column_text][\/vc_column_inner][\/vc_row_inner][vc_row_inner row_type=\u00a0\u00bbrow\u00a0\u00bb type=\u00a0\u00bbfull_width\u00a0\u00bb text_align=\u00a0\u00bbleft\u00a0\u00bb css_animation=\u00a0\u00bb\u00a0\u00bb][vc_column_inner width=\u00a0\u00bb1\/2&Prime; css=\u00a0\u00bb.vc_custom_1571816054837{margin-top: 0px !important;margin-right: 0px !important;margin-bottom: 0px !important;margin-left: 0px !important;padding-top: 75px !important;padding-right: 55px !important;padding-left: 55px !important;}\u00a0\u00bb offset=\u00a0\u00bbvc_hidden-sm vc_hidden-xs\u00a0\u00bb][vc_column_text css=\u00a0\u00bb.vc_custom_1569829484557{padding-bottom: 25px !important;}\u00a0\u00bb]<\/p>\n<h2 style=\"text-align: left;\">Ing\u00e9nierie<\/h2>\n<p>[\/vc_column_text][vc_column_text]La force d\u2019Ali\u00e9nor Ing\u00e9nierie Vinicole est de pouvoir proposer l\u2019ensemble des comp\u00e9tences n\u00e9cessaires \u00e0 un projet d\u2019extension, de restructuration ou de modernisation. De l\u2019ing\u00e9nierie vinicole aux impacts environnementaux, en passant par les \u00e9tudes structures, fluides et l\u2019\u00e9conomie de la construction, notre palette de comp\u00e9tence nous permet de vous offrir une maitrise compl\u00e8te du projet.[\/vc_column_text][\/vc_column_inner][vc_column_inner width=\u00a0\u00bb1\/2&Prime; css=\u00a0\u00bb.vc_custom_1571816048244{margin-top: 0px !important;margin-right: 0px !important;margin-bottom: 0px !important;margin-left: 0px !important;padding-top: 0px !important;padding-right: 0px !important;padding-bottom: 0px !important;padding-left: 0px !important;}\u00a0\u00bb offset=\u00a0\u00bbvc_hidden-sm vc_hidden-xs\u00a0\u00bb][vc_single_image image=\u00a0\u00bb177&Prime; img_size=\u00a0\u00bb960&#215;460&Prime; alignment=\u00a0\u00bbcenter\u00a0\u00bb qode_css_animation=\u00a0\u00bb\u00a0\u00bb css=\u00a0\u00bb.vc_custom_1569830338870{margin-top: 0px !important;margin-right: 0px !important;margin-bottom: 0px !important;margin-left: 0px !important;padding-top: 0px !important;padding-right: 0px !important;padding-bottom: 0px !important;padding-left: 0px !important;}\u00a0\u00bb][\/vc_column_inner][\/vc_row_inner][vc_row_inner row_type=\u00a0\u00bbrow\u00a0\u00bb type=\u00a0\u00bbfull_width\u00a0\u00bb text_align=\u00a0\u00bbleft\u00a0\u00bb css_animation=\u00a0\u00bb\u00a0\u00bb][vc_column_inner width=\u00a0\u00bb1\/2&Prime; css=\u00a0\u00bb.vc_custom_1571816141846{margin-top: 0px !important;margin-right: 0px !important;margin-bottom: 0px !important;margin-left: 0px !important;padding-top: 0px !important;padding-right: 0px !important;padding-bottom: 0px !important;padding-left: 0px !important;}\u00a0\u00bb offset=\u00a0\u00bbvc_hidden-lg vc_hidden-md\u00a0\u00bb][vc_single_image image=\u00a0\u00bb177&Prime; img_size=\u00a0\u00bb960&#215;460&Prime; alignment=\u00a0\u00bbcenter\u00a0\u00bb qode_css_animation=\u00a0\u00bb\u00a0\u00bb css=\u00a0\u00bb.vc_custom_1569830338870{margin-top: 0px !important;margin-right: 0px !important;margin-bottom: 0px !important;margin-left: 0px !important;padding-top: 0px !important;padding-right: 0px !important;padding-bottom: 0px !important;padding-left: 0px !important;}\u00a0\u00bb][\/vc_column_inner][vc_column_inner width=\u00a0\u00bb1\/2&Prime; css=\u00a0\u00bb.vc_custom_1571816075595{margin-top: 0px !important;margin-right: 0px !important;margin-bottom: 0px !important;margin-left: 0px !important;padding-top: 35px !important;padding-right: 55px !important;padding-bottom: 75px !important;padding-left: 55px !important;}\u00a0\u00bb offset=\u00a0\u00bbvc_hidden-lg vc_hidden-md\u00a0\u00bb][vc_column_text css=\u00a0\u00bb.vc_custom_1569829484557{padding-bottom: 25px !important;}\u00a0\u00bb]<\/p>\n<h2 style=\"text-align: left;\">Ing\u00e9nierie<\/h2>\n<p>[\/vc_column_text][vc_column_text]La force d\u2019Ali\u00e9nor Ing\u00e9nierie Vinicole est de pouvoir proposer l\u2019ensemble des comp\u00e9tences n\u00e9cessaires \u00e0 un projet d\u2019extension, de restructuration ou de modernisation. De l\u2019ing\u00e9nierie vinicole aux impacts environnementaux, en passant par les \u00e9tudes structures, fluides et l\u2019\u00e9conomie de la construction, notre palette de comp\u00e9tence nous permet de vous offrir une maitrise compl\u00e8te du projet.[\/vc_column_text][\/vc_column_inner][\/vc_row_inner][vc_row_inner row_type=\u00a0\u00bbrow\u00a0\u00bb type=\u00a0\u00bbfull_width\u00a0\u00bb text_align=\u00a0\u00bbleft\u00a0\u00bb css_animation=\u00a0\u00bb\u00a0\u00bb][vc_column_inner width=\u00a0\u00bb1\/2&Prime; css=\u00a0\u00bb.vc_custom_1571815548130{margin-top: 0px !important;margin-right: 0px !important;margin-bottom: 0px !important;margin-left: 0px !important;padding-top: 0px !important;padding-right: 0px !important;padding-bottom: 0px !important;padding-left: 0px !important;}\u00a0\u00bb offset=\u00a0\u00bbvc_hidden-sm vc_hidden-xs\u00a0\u00bb][vc_single_image image=\u00a0\u00bb1580&Prime; img_size=\u00a0\u00bb960&#215;580&Prime; alignment=\u00a0\u00bbcenter\u00a0\u00bb qode_css_animation=\u00a0\u00bb\u00a0\u00bb css=\u00a0\u00bb.vc_custom_1617111427334{margin-top: 0px !important;margin-right: 0px !important;margin-bottom: 0px !important;margin-left: 0px !important;padding-top: 0px !important;padding-right: 0px !important;padding-bottom: 0px !important;padding-left: 0px !important;}\u00a0\u00bb][\/vc_column_inner][vc_column_inner width=\u00a0\u00bb1\/2&Prime; css=\u00a0\u00bb.vc_custom_1571815542974{margin-top: 0px !important;margin-right: 0px !important;margin-bottom: 0px !important;margin-left: 0px !important;padding-top: 75px !important;padding-right: 55px !important;padding-bottom: 75px !important;padding-left: 55px !important;}\u00a0\u00bb offset=\u00a0\u00bbvc_hidden-sm vc_hidden-xs\u00a0\u00bb][vc_column_text css=\u00a0\u00bb.vc_custom_1676901822293{padding-bottom: 25px !important;}\u00a0\u00bb]<\/p>\n<h2 style=\"text-align: left;\">Assistance \u00e0 maitrise d&rsquo;ouvrage<\/h2>\n<p>[\/vc_column_text][vc_column_text]Un projet d\u2019extension, de restructuration ou d\u2019am\u00e9lioration est une d\u00e9marche lourde, tant financi\u00e8rement que sur le temps \u00e0 y consacrer.<\/p>\n<p>&nbsp;<\/p>\n<p>Pour la r\u00e9ussite de votre projet, nous vous accompagnons dans l\u2019ensemble des d\u00e9marches :<\/p>\n<ul>\n<li>Recherches de subventions et de financement<\/li>\n<li>Concours \/ choix de l\u2019architecte<\/li>\n<li>Recherche des partenaires techniques <em>(bureau de contr\u00f4le, CSPS, \u00e9tude de sol<\/em>\u2026)<\/li>\n<li>Consultation des entreprises<\/li>\n<li>Suivi des travaux<\/li>\n<li>Suivi financier et administratif&#8230;<\/li>\n<\/ul>\n<p>[\/vc_column_text][\/vc_column_inner][\/vc_row_inner][vc_row_inner row_type=\u00a0\u00bbrow\u00a0\u00bb type=\u00a0\u00bbfull_width\u00a0\u00bb text_align=\u00a0\u00bbleft\u00a0\u00bb css_animation=\u00a0\u00bb\u00a0\u00bb][vc_column_inner width=\u00a0\u00bb1\/2&Prime; css=\u00a0\u00bb.vc_custom_1571816154137{margin-top: 0px !important;margin-right: 0px !important;margin-bottom: 0px !important;margin-left: 0px !important;padding-top: 0px !important;padding-right: 0px !important;padding-bottom: 0px !important;padding-left: 0px !important;}\u00a0\u00bb offset=\u00a0\u00bbvc_hidden-lg vc_hidden-md\u00a0\u00bb][vc_single_image image=\u00a0\u00bb1580&Prime; img_size=\u00a0\u00bb960&#215;580&Prime; alignment=\u00a0\u00bbcenter\u00a0\u00bb qode_css_animation=\u00a0\u00bb\u00a0\u00bb css=\u00a0\u00bb.vc_custom_1617111438950{margin-top: 0px !important;margin-right: 0px !important;margin-bottom: 0px !important;margin-left: 0px !important;padding-top: 0px !important;padding-right: 0px !important;padding-bottom: 0px !important;padding-left: 0px !important;}\u00a0\u00bb][\/vc_column_inner][vc_column_inner width=\u00a0\u00bb1\/2&Prime; css=\u00a0\u00bb.vc_custom_1571815849078{margin-top: 0px !important;margin-right: 0px !important;margin-bottom: 0px !important;margin-left: 0px !important;padding-top: 35px !important;padding-right: 55px !important;padding-bottom: 75px !important;padding-left: 55px !important;}\u00a0\u00bb offset=\u00a0\u00bbvc_hidden-lg vc_hidden-md\u00a0\u00bb][vc_column_text css=\u00a0\u00bb.vc_custom_1617111301500{padding-bottom: 25px !important;}\u00a0\u00bb]<\/p>\n<h2 style=\"text-align: left;\">Gestion de projet<\/h2>\n<p>[\/vc_column_text][vc_column_text]Un projet d\u2019extension, de restructuration ou d\u2019am\u00e9lioration est une d\u00e9marche lourde, tant financi\u00e8rement que sur le temps \u00e0 y consacrer.<\/p>\n<p>Pour chacun de nos projet, nous mettons en place un chef de projet qui sera en mesure de vous accompagner d\u00e8s les phases d\u2019\u00e9tudes. Agissant en v\u00e9ritable chef d\u2019orchestre, il g\u00e8re l\u2019ensemble des \u00e9quipes interne et les entreprises intervenant sur le chantier pour garantir la r\u00e9ussite du projet.[\/vc_column_text][\/vc_column_inner][\/vc_row_inner][\/vc_column][\/vc_row][vc_row css_animation=\u00a0\u00bb\u00a0\u00bb row_type=\u00a0\u00bbrow\u00a0\u00bb use_row_as_full_screen_section=\u00a0\u00bbno\u00a0\u00bb type=\u00a0\u00bbfull_width\u00a0\u00bb angled_section=\u00a0\u00bbno\u00a0\u00bb text_align=\u00a0\u00bbleft\u00a0\u00bb background_image_as_pattern=\u00a0\u00bbwithout_pattern\u00a0\u00bb padding_top=\u00a0\u00bb0&Prime; padding_bottom=\u00a0\u00bb0&Prime;][vc_column]<div class=\"call_to_action normal\" style=\"background-color: #640e39;\"><div class=\"container_inner\"><div class=\"two_columns_75_25 clearfix\"><div class=\"text_wrapper column1\"><div class=\"call_to_action_text \" style=\"\">\n<h3><span style=\"color: #ffffff;\">NOUS ADAPTONS NOTRE METHODOLOGIE A LA TAILLE DE VOTRE EXPLOITATION.<\/span><\/h3>\n<\/div><\/div><div class=\"button_wrapper column2\"><a itemprop=\"url\" href=\"\/methodologie\" class=\"qbutton white \" target=\"_self\" style=\"color: #ffffff;border-color: #ffffff;\"data-hover-background-color=#ffffff data-hover-border-color=#ffffff data-hover-color=#640e39>EN SAVOIR PLUS<\/a><\/div><\/div><\/div><\/div>[\/vc_column][\/vc_row]<\/p>\n","protected":false},"excerpt":{"rendered":"<p>[vc_row css_animation=\u00a0\u00bb\u00a0\u00bb row_type=\u00a0\u00bbrow\u00a0\u00bb use_row_as_full_screen_section=\u00a0\u00bbno\u00a0\u00bb type=\u00a0\u00bbfull_width\u00a0\u00bb angled_section=\u00a0\u00bbno\u00a0\u00bb text_align=\u00a0\u00bbcenter\u00a0\u00bb background_image_as_pattern=\u00a0\u00bbwithout_pattern\u00a0\u00bb background_color=\u00a0\u00bb#ffffff\u00a0\u00bb padding_top=\u00a0\u00bb55&Prime; padding_bottom=\u00a0\u00bb60&Prime; z_index=\u00a0\u00bb\u00a0\u00bb][vc_column width=\u00a0\u00bb1\/4&Prime; css=\u00a0\u00bb.vc_custom_1553779435433{margin-right: 0px !important;margin-left: 0px !important;padding-top: 75px !important;padding-right: 75px !important;padding-left: 125px !important;}\u00a0\u00bb][\/vc_column][vc_column width=\u00a0\u00bb1\/2&Prime; css=\u00a0\u00bb.vc_custom_1571223792592{padding-right: 25px !important;padding-left: 25px !important;}\u00a0\u00bb][vc_column_text] M\u00e9tiers [\/vc_column_text][vc_separator type=\u00a0\u00bbsmall\u00a0\u00bb position=\u00a0\u00bbcenter\u00a0\u00bb up=\u00a0\u00bb7&Prime; down=\u00a0\u00bb38&Prime;][vc_column_text] \u00c9coute et accompagnement sont les ma\u00eetres mots de notre&#8230;<\/p>\n","protected":false},"author":1,"featured_media":0,"parent":0,"menu_order":2,"comment_status":"closed","ping_status":"closed","template":"full_width.php","meta":[],"_links":{"self":[{"href":"https:\/\/www.alienor-vini.fr\/fr\/wp-json\/wp\/v2\/pages\/207"}],"collection":[{"href":"https:\/\/www.alienor-vini.fr\/fr\/wp-json\/wp\/v2\/pages"}],"about":[{"href":"https:\/\/www.alienor-vini.fr\/fr\/wp-json\/wp\/v2\/types\/page"}],"author":[{"embeddable":true,"href":"https:\/\/www.alienor-vini.fr\/fr\/wp-json\/wp\/v2\/users\/1"}],"replies":[{"embeddable":true,"href":"https:\/\/www.alienor-vini.fr\/fr\/wp-json\/wp\/v2\/comments?post=207"}],"version-history":[{"count":87,"href":"https:\/\/www.alienor-vini.fr\/fr\/wp-json\/wp\/v2\/pages\/207\/revisions"}],"predecessor-version":[{"id":1724,"href":"https:\/\/www.alienor-vini.fr\/fr\/wp-json\/wp\/v2\/pages\/207\/revisions\/1724"}],"wp:attachment":[{"href":"https:\/\/www.alienor-vini.fr\/fr\/wp-json\/wp\/v2\/media?parent=207"}],"curies":[{"name":"wp","href":"https:\/\/api.w.org\/{rel}","templated":true}]}}