{"id":6,"date":"2019-07-26T08:42:23","date_gmt":"2019-07-26T06:42:23","guid":{"rendered":"https:\/\/www.alienor-vini.fr\/?page_id=6"},"modified":"2023-02-21T11:36:45","modified_gmt":"2023-02-21T10:36:45","slug":"landing-page-2","status":"publish","type":"page","link":"https:\/\/www.alienor-vini.fr\/fr\/","title":{"rendered":"Landing Page"},"content":{"rendered":"<p>[vc_row css_animation=\u00a0\u00bb\u00a0\u00bb row_type=\u00a0\u00bbrow\u00a0\u00bb use_row_as_full_screen_section=\u00a0\u00bbno\u00a0\u00bb type=\u00a0\u00bbfull_width\u00a0\u00bb header_style=\u00a0\u00bblight\u00a0\u00bb angled_section=\u00a0\u00bbno\u00a0\u00bb text_align=\u00a0\u00bbleft\u00a0\u00bb background_image=\u00a0\u00bb818&Prime; background_image_as_pattern=\u00a0\u00bbwithout_pattern\u00a0\u00bb css=\u00a0\u00bb.vc_custom_1571226037277{margin-top: 0px !important;padding-top: 120px !important;padding-bottom: 120px !important;}\u00a0\u00bb z_index=\u00a0\u00bb\u00a0\u00bb][vc_column width=\u00a0\u00bb1\/6&Prime;][\/vc_column][vc_column width=\u00a0\u00bb2\/3&Prime;][vc_column_text css=\u00a0\u00bb.vc_custom_1572446099849{padding-top: 75px !important;padding-right: 25px !important;padding-bottom: 75px !important;padding-left: 25px !important;}\u00a0\u00bb]<\/p>\n<h6 style=\"text-align: center;\"><span style=\"color: #ffffff;\">N\u00e9e de l\u2019association entre des sp\u00e9cialistes de la conception de chais et process vinicole, et d\u2019une ing\u00e9nierie b\u00e2timent pr\u00e9sente au niveau national, Ali\u00e9nor Ing\u00e9nierie Vinicole regroupe l\u2019ensemble des comp\u00e9tences pour comprendre et g\u00e9rer vos projets.<\/span><\/h6>\n<p>[\/vc_column_text][\/vc_column][vc_column width=\u00a0\u00bb1\/6&Prime;][\/vc_column][\/vc_row][vc_row css_animation=\u00a0\u00bb\u00a0\u00bb row_type=\u00a0\u00bbrow\u00a0\u00bb use_row_as_full_screen_section=\u00a0\u00bbno\u00a0\u00bb type=\u00a0\u00bbfull_width\u00a0\u00bb angled_section=\u00a0\u00bbno\u00a0\u00bb text_align=\u00a0\u00bbcenter\u00a0\u00bb background_image_as_pattern=\u00a0\u00bbwithout_pattern\u00a0\u00bb padding_top=\u00a0\u00bb75&Prime; padding_bottom=\u00a0\u00bb75&Prime; css=\u00a0\u00bb.vc_custom_1571225489278{padding-top: 75px !important;padding-bottom: 75px !important;}\u00a0\u00bb z_index=\u00a0\u00bb\u00a0\u00bb][vc_column][vc_row_inner row_type=\u00a0\u00bbrow\u00a0\u00bb type=\u00a0\u00bbfull_width\u00a0\u00bb text_align=\u00a0\u00bbleft\u00a0\u00bb css_animation=\u00a0\u00bb\u00a0\u00bb css=\u00a0\u00bb.vc_custom_1571225516770{padding-right: 25px !important;padding-bottom: 55px !important;padding-left: 25px !important;}\u00a0\u00bb][vc_column_inner width=\u00a0\u00bb1\/4&Prime;][\/vc_column_inner][vc_column_inner width=\u00a0\u00bb1\/2&Prime;][vc_column_text]<\/p>\n<h2 style=\"text-align: center;\">M\u00e9tiers<\/h2>\n<p>[\/vc_column_text][vc_separator type=\u00a0\u00bbsmall\u00a0\u00bb position=\u00a0\u00bbcenter\u00a0\u00bb up=\u00a0\u00bb7&Prime; down=\u00a0\u00bb38&Prime;][vc_column_text]<\/p>\n<p style=\"text-align: center;\">Afin de donner du sens \u00e0 vos projets, nous pla\u00e7ons l\u2019humain au centre de nos r\u00e9flexions, l\u2019objectif \u00e9tant de cr\u00e9er un outil performant qui vous ressemble pour \u00e9laborer les meilleurs produits.<\/p>\n<p>[\/vc_column_text][\/vc_column_inner][vc_column_inner width=\u00a0\u00bb1\/4&Prime;][\/vc_column_inner][\/vc_row_inner][vc_row_inner row_type=\u00a0\u00bbrow\u00a0\u00bb type=\u00a0\u00bbgrid\u00a0\u00bb text_align=\u00a0\u00bbleft\u00a0\u00bb css_animation=\u00a0\u00bb\u00a0\u00bb][vc_column_inner width=\u00a0\u00bb1\/3&Prime;][vc_column_text]<\/p>\n<h5 class=\"icon_title\" style=\"text-align: center;\">CONSULTANT<\/h5>\n<p style=\"text-align: center;\">Notre premier r\u00f4le : comprendre et analyser les besoins.<\/p>\n<p>[\/vc_column_text][vc_separator type=\u00a0\u00bbtransparent\u00a0\u00bb up=\u00a0\u00bb26&Prime; down=\u00a0\u00bb0&Prime;][\/vc_column_inner][vc_column_inner width=\u00a0\u00bb1\/3&Prime;][vc_column_text]<\/p>\n<h5 class=\"icon_title\" style=\"text-align: center;\">INGENIERIE<\/h5>\n<p style=\"text-align: center;\">Une palette de comp\u00e9tence compl\u00e8te pour une maitrise parfaite des projets.<\/p>\n<p>[\/vc_column_text][vc_separator type=\u00a0\u00bbtransparent\u00a0\u00bb up=\u00a0\u00bb26&Prime; down=\u00a0\u00bb0&Prime;][\/vc_column_inner][vc_column_inner width=\u00a0\u00bb1\/3&Prime;][vc_column_text]<\/p>\n<h5 class=\"icon_title\" style=\"text-align: center;\">ASSISTANCE \u00c0 MAITRISE D&rsquo;OUVRAGE<\/h5>\n<p style=\"text-align: center;\">Une \u00e9quipe, un interlocuteur, pour un accompagnement de qualit\u00e9.<\/p>\n<p>[\/vc_column_text][vc_separator type=\u00a0\u00bbtransparent\u00a0\u00bb up=\u00a0\u00bb26&Prime; down=\u00a0\u00bb0&Prime;][\/vc_column_inner][\/vc_row_inner][vc_empty_space]<a  itemprop=\"url\" href=\"\/savoir-faire\" target=\"_self\" data-hover-background-color=#f6f6f6 data-hover-border-color=#640e39 data-hover-color=#640e39 class=\"qbutton  medium center default\" style=\"color: #ffffff; border-color: #640e39; background-color: #640e39;\">En savoir plus<\/a>[\/vc_column][\/vc_row][vc_row css_animation=\u00a0\u00bb\u00a0\u00bb row_type=\u00a0\u00bbrow\u00a0\u00bb use_row_as_full_screen_section=\u00a0\u00bbno\u00a0\u00bb type=\u00a0\u00bbfull_width\u00a0\u00bb angled_section=\u00a0\u00bbno\u00a0\u00bb text_align=\u00a0\u00bbcenter\u00a0\u00bb background_image_as_pattern=\u00a0\u00bbwithout_pattern\u00a0\u00bb background_color=\u00a0\u00bb#ffffff\u00a0\u00bb padding_top=\u00a0\u00bb75&Prime; padding_bottom=\u00a0\u00bb75&Prime; z_index=\u00a0\u00bb\u00a0\u00bb css=\u00a0\u00bb.vc_custom_1570094428555{margin-top: 0px !important;margin-right: 0px !important;margin-bottom: 0px !important;margin-left: 0px !important;padding-top: 0px !important;padding-right: 0px !important;padding-bottom: 0px !important;padding-left: 0px !important;}\u00a0\u00bb][vc_column css=\u00a0\u00bb.vc_custom_1570096882755{margin-top: 0px !important;margin-right: 0px !important;margin-bottom: 0px !important;margin-left: 0px !important;padding-top: 0px !important;padding-right: 0px !important;padding-bottom: 0px !important;padding-left: 0px !important;}\u00a0\u00bb][vc_row_inner row_type=\u00a0\u00bbrow\u00a0\u00bb type=\u00a0\u00bbfull_width\u00a0\u00bb text_align=\u00a0\u00bbcenter\u00a0\u00bb css_animation=\u00a0\u00bb\u00a0\u00bb css=\u00a0\u00bb.vc_custom_1570096923552{margin-top: 0px !important;margin-right: 0px !important;margin-bottom: 0px !important;margin-left: 0px !important;padding-top: 0px !important;padding-right: 0px !important;padding-bottom: 0px !important;padding-left: 0px !important;}\u00a0\u00bb][vc_column_inner width=\u00a0\u00bb2\/3&Prime; css=\u00a0\u00bb.vc_custom_1570094416904{margin-top: 0px !important;margin-right: 0px !important;margin-bottom: 0px !important;margin-left: 0px !important;padding-top: 0px !important;padding-right: 0px !important;padding-bottom: 0px !important;padding-left: 0px !important;}\u00a0\u00bb][vc_single_image image=\u00a0\u00bb1573&Prime; img_size=\u00a0\u00bb1320&#215;510&Prime; qode_css_animation=\u00a0\u00bb\u00a0\u00bb css=\u00a0\u00bb.vc_custom_1617110547275{margin-top: 0px !important;margin-right: 0px !important;margin-bottom: 0px !important;margin-left: 0px !important;padding-top: 0px !important;padding-right: 0px !important;padding-bottom: 0px !important;padding-left: 0px !important;}\u00a0\u00bb][\/vc_column_inner][vc_column_inner width=\u00a0\u00bb1\/3&Prime; css=\u00a0\u00bb.vc_custom_1571225621062{padding-top: 75px !important;padding-bottom: 75px !important;}\u00a0\u00bb][vc_column_text]<\/p>\n<h2 style=\"text-align: center;\">Comp\u00e9tences<\/h2>\n<p>[\/vc_column_text][vc_separator type=\u00a0\u00bbsmall\u00a0\u00bb position=\u00a0\u00bbcenter\u00a0\u00bb up=\u00a0\u00bb7&Prime; down=\u00a0\u00bb38&Prime;][vc_column_text css=\u00a0\u00bb.vc_custom_1571225648094{padding-right: 25px !important;padding-bottom: 55px !important;padding-left: 25px !important;}\u00a0\u00bb]<\/p>\n<p style=\"text-align: center;\">\u00c0 chaque mission correspond un niveau d\u2019engagement croissant dans la garantie des co\u00fbts et des d\u00e9lais. D\u00e9couvrez nos diff\u00e9rents types d&rsquo;intervention.<\/p>\n<p>[\/vc_column_text]<a  itemprop=\"url\" href=\"\/competences\/\" target=\"_self\" data-hover-background-color=#640e39 data-hover-border-color=#640e39 data-hover-color=#ffffff class=\"qbutton  medium center default\" style=\"color: #640e39; border-color: #640e39; background-color: #ffffff;\">En savoir plus<\/a>[\/vc_column_inner][\/vc_row_inner][\/vc_column][\/vc_row][vc_row css_animation=\u00a0\u00bb\u00a0\u00bb row_type=\u00a0\u00bbrow\u00a0\u00bb use_row_as_full_screen_section=\u00a0\u00bbno\u00a0\u00bb type=\u00a0\u00bbfull_width\u00a0\u00bb angled_section=\u00a0\u00bbno\u00a0\u00bb text_align=\u00a0\u00bbcenter\u00a0\u00bb background_image_as_pattern=\u00a0\u00bbwithout_pattern\u00a0\u00bb padding_top=\u00a0\u00bb87&Prime; padding_bottom=\u00a0\u00bb95&Prime; z_index=\u00a0\u00bb\u00a0\u00bb css=\u00a0\u00bb.vc_custom_1571225137153{padding-right: 25px !important;padding-left: 25px !important;}\u00a0\u00bb][vc_column][vc_column_text]<\/p>\n<h2 style=\"text-align: center;\">R\u00e9f\u00e9rences<\/h2>\n<p>[\/vc_column_text][vc_separator type=\u00a0\u00bbsmall\u00a0\u00bb position=\u00a0\u00bbcenter\u00a0\u00bb up=\u00a0\u00bb7&Prime; down=\u00a0\u00bb55&Prime;]<div class='projects_holder_outer v3 portfolio_with_space portfolio_standard  masonry_with_space  masonry_with_space_only_image'><div class='projects_holder portfolio_main_holder clearfix v3 standard portfolio_full_image '>\n<div class=\"qode-portfolio-masonry-gallery-grid-sizer\"><\/div><div class=\"qode-portfolio-masonry-gallery-grid-gutter\"><\/div><article class='mix ' style=''><div class='image_holder'><a itemprop='url' class='portfolio_link_for_touch' href='https:\/\/www.alienor-vini.fr\/fr\/portfolio_page\/chai-de-sarzeau\/' target='_self'><span class='image'><img width=\"700\" height=\"466\" src=\"https:\/\/www.alienor-vini.fr\/wp-content\/uploads\/2024\/10\/1-700x466.jpg\" class=\"attachment-portfolio_masonry_with_space size-portfolio_masonry_with_space wp-post-image\" alt=\"\" loading=\"lazy\" srcset=\"https:\/\/www.alienor-vini.fr\/wp-content\/uploads\/2024\/10\/1-700x466.jpg 700w, https:\/\/www.alienor-vini.fr\/wp-content\/uploads\/2024\/10\/1-300x200.jpg 300w, https:\/\/www.alienor-vini.fr\/wp-content\/uploads\/2024\/10\/1-1024x682.jpg 1024w, https:\/\/www.alienor-vini.fr\/wp-content\/uploads\/2024\/10\/1-768x512.jpg 768w, https:\/\/www.alienor-vini.fr\/wp-content\/uploads\/2024\/10\/1-1536x1023.jpg 1536w, https:\/\/www.alienor-vini.fr\/wp-content\/uploads\/2024\/10\/1-2048x1365.jpg 2048w\" sizes=\"(max-width: 700px) 100vw, 700px\" \/><\/span><\/a><span class='text_holder'><span class='text_outer'><span class='text_inner'><div class=\"hover_feature_holder_title\"><div class=\"hover_feature_holder_title_inner\"><h5 itemprop=\"name\" class=\"portfolio_title entry_title\"><a itemprop=\"url\" href=\"https:\/\/www.alienor-vini.fr\/fr\/portfolio_page\/chai-de-sarzeau\/\"  target=\"_self\">Chai de Sarzeau<\/a><\/h5><\/div><\/div><span class='feature_holder'><span class=\"feature_holder_icons\"><a itemprop='url' class='preview qbutton small white' href='https:\/\/www.alienor-vini.fr\/fr\/portfolio_page\/chai-de-sarzeau\/' target='_self'>Afficher<\/a><\/span><\/span><\/span><\/span><\/span><\/div><\/article>\n<article class='mix ' style=''><div class='image_holder'><a itemprop='url' class='portfolio_link_for_touch' href='https:\/\/www.alienor-vini.fr\/fr\/portfolio_page\/champagne-lanson\/' target='_self'><span class='image'><img width=\"700\" height=\"525\" src=\"https:\/\/www.alienor-vini.fr\/wp-content\/uploads\/2019\/09\/chateau-lanson-700x525.png\" class=\"attachment-portfolio_masonry_with_space size-portfolio_masonry_with_space wp-post-image\" alt=\"\" loading=\"lazy\" srcset=\"https:\/\/www.alienor-vini.fr\/wp-content\/uploads\/2019\/09\/chateau-lanson-700x525.png 700w, https:\/\/www.alienor-vini.fr\/wp-content\/uploads\/2019\/09\/chateau-lanson-300x225.png 300w, https:\/\/www.alienor-vini.fr\/wp-content\/uploads\/2019\/09\/chateau-lanson-768x576.png 768w, https:\/\/www.alienor-vini.fr\/wp-content\/uploads\/2019\/09\/chateau-lanson-800x600.png 800w, https:\/\/www.alienor-vini.fr\/wp-content\/uploads\/2019\/09\/chateau-lanson.png 1000w\" sizes=\"(max-width: 700px) 100vw, 700px\" \/><\/span><\/a><span class='text_holder'><span class='text_outer'><span class='text_inner'><div class=\"hover_feature_holder_title\"><div class=\"hover_feature_holder_title_inner\"><h5 itemprop=\"name\" class=\"portfolio_title entry_title\"><a itemprop=\"url\" href=\"https:\/\/www.alienor-vini.fr\/fr\/portfolio_page\/champagne-lanson\/\"  target=\"_self\">Champagne Lanson (Reims)<\/a><\/h5><\/div><\/div><span class='feature_holder'><span class=\"feature_holder_icons\"><a itemprop='url' class='preview qbutton small white' href='https:\/\/www.alienor-vini.fr\/fr\/portfolio_page\/champagne-lanson\/' target='_self'>Afficher<\/a><\/span><\/span><\/span><\/span><\/span><\/div><\/article>\n<article class='mix ' style=''><div class='image_holder'><a itemprop='url' class='portfolio_link_for_touch' href='https:\/\/www.alienor-vini.fr\/fr\/portfolio_page\/champagne-moet-et-chandon-reims\/' target='_self'><span class='image'><img width=\"700\" height=\"525\" src=\"https:\/\/www.alienor-vini.fr\/wp-content\/uploads\/2019\/09\/champagne-moet-chandon-700x525.png\" class=\"attachment-portfolio_masonry_with_space size-portfolio_masonry_with_space wp-post-image\" alt=\"\" loading=\"lazy\" srcset=\"https:\/\/www.alienor-vini.fr\/wp-content\/uploads\/2019\/09\/champagne-moet-chandon-700x525.png 700w, https:\/\/www.alienor-vini.fr\/wp-content\/uploads\/2019\/09\/champagne-moet-chandon-300x225.png 300w, https:\/\/www.alienor-vini.fr\/wp-content\/uploads\/2019\/09\/champagne-moet-chandon-768x576.png 768w, https:\/\/www.alienor-vini.fr\/wp-content\/uploads\/2019\/09\/champagne-moet-chandon-800x600.png 800w, https:\/\/www.alienor-vini.fr\/wp-content\/uploads\/2019\/09\/champagne-moet-chandon.png 1000w\" sizes=\"(max-width: 700px) 100vw, 700px\" \/><\/span><\/a><span class='text_holder'><span class='text_outer'><span class='text_inner'><div class=\"hover_feature_holder_title\"><div class=\"hover_feature_holder_title_inner\"><h5 itemprop=\"name\" class=\"portfolio_title entry_title\"><a itemprop=\"url\" href=\"https:\/\/www.alienor-vini.fr\/fr\/portfolio_page\/champagne-moet-et-chandon-reims\/\"  target=\"_self\">Champagne Mo\u00ebt et Chandon (Reims)<\/a><\/h5><\/div><\/div><span class='feature_holder'><span class=\"feature_holder_icons\"><a itemprop='url' class='preview qbutton small white' href='https:\/\/www.alienor-vini.fr\/fr\/portfolio_page\/champagne-moet-et-chandon-reims\/' target='_self'>Afficher<\/a><\/span><\/span><\/span><\/span><\/span><\/div><\/article>\n<article class='mix ' style=''><div class='image_holder'><a itemprop='url' class='portfolio_link_for_touch' href='https:\/\/www.alienor-vini.fr\/fr\/portfolio_page\/chateau-croix-de-bertinat\/' target='_self'><span class='image'><img width=\"700\" height=\"525\" src=\"https:\/\/www.alienor-vini.fr\/wp-content\/uploads\/2015\/04\/alienor-ingenierie-vinicole-projets-croix-bertinat-700x525.jpg\" class=\"attachment-portfolio_masonry_with_space size-portfolio_masonry_with_space wp-post-image\" alt=\"\" loading=\"lazy\" srcset=\"https:\/\/www.alienor-vini.fr\/wp-content\/uploads\/2015\/04\/alienor-ingenierie-vinicole-projets-croix-bertinat-700x525.jpg 700w, https:\/\/www.alienor-vini.fr\/wp-content\/uploads\/2015\/04\/alienor-ingenierie-vinicole-projets-croix-bertinat-300x225.jpg 300w, https:\/\/www.alienor-vini.fr\/wp-content\/uploads\/2015\/04\/alienor-ingenierie-vinicole-projets-croix-bertinat-768x576.jpg 768w, https:\/\/www.alienor-vini.fr\/wp-content\/uploads\/2015\/04\/alienor-ingenierie-vinicole-projets-croix-bertinat-800x600.jpg 800w, https:\/\/www.alienor-vini.fr\/wp-content\/uploads\/2015\/04\/alienor-ingenierie-vinicole-projets-croix-bertinat.jpg 1000w\" sizes=\"(max-width: 700px) 100vw, 700px\" \/><\/span><\/a><span class='text_holder'><span class='text_outer'><span class='text_inner'><div class=\"hover_feature_holder_title\"><div class=\"hover_feature_holder_title_inner\"><h5 itemprop=\"name\" class=\"portfolio_title entry_title\"><a itemprop=\"url\" href=\"https:\/\/www.alienor-vini.fr\/fr\/portfolio_page\/chateau-croix-de-bertinat\/\"  target=\"_self\">Ch\u00e2teau Croix de Bertinat (Saint Emilion)<\/a><\/h5><\/div><\/div><span class='feature_holder'><span class=\"feature_holder_icons\"><a itemprop='url' class='preview qbutton small white' href='https:\/\/www.alienor-vini.fr\/fr\/portfolio_page\/chateau-croix-de-bertinat\/' target='_self'>Afficher<\/a><\/span><\/span><\/span><\/span><\/span><\/div><\/article>\n<article class='mix ' style=''><div class='image_holder'><a itemprop='url' class='portfolio_link_for_touch' href='https:\/\/www.alienor-vini.fr\/fr\/portfolio_page\/chateau-de-curson\/' target='_self'><span class='image'><img width=\"700\" height=\"525\" src=\"https:\/\/www.alienor-vini.fr\/wp-content\/uploads\/2023\/02\/Logo-taille-site-700x525.png\" class=\"attachment-portfolio_masonry_with_space size-portfolio_masonry_with_space wp-post-image\" alt=\"\" loading=\"lazy\" srcset=\"https:\/\/www.alienor-vini.fr\/wp-content\/uploads\/2023\/02\/Logo-taille-site-700x525.png 700w, https:\/\/www.alienor-vini.fr\/wp-content\/uploads\/2023\/02\/Logo-taille-site-300x225.png 300w, https:\/\/www.alienor-vini.fr\/wp-content\/uploads\/2023\/02\/Logo-taille-site-1024x768.png 1024w, https:\/\/www.alienor-vini.fr\/wp-content\/uploads\/2023\/02\/Logo-taille-site-768x576.png 768w, https:\/\/www.alienor-vini.fr\/wp-content\/uploads\/2023\/02\/Logo-taille-site-1536x1152.png 1536w, https:\/\/www.alienor-vini.fr\/wp-content\/uploads\/2023\/02\/Logo-taille-site-800x600.png 800w, https:\/\/www.alienor-vini.fr\/wp-content\/uploads\/2023\/02\/Logo-taille-site.png 1792w\" sizes=\"(max-width: 700px) 100vw, 700px\" \/><\/span><\/a><span class='text_holder'><span class='text_outer'><span class='text_inner'><div class=\"hover_feature_holder_title\"><div class=\"hover_feature_holder_title_inner\"><h5 itemprop=\"name\" class=\"portfolio_title entry_title\"><a itemprop=\"url\" href=\"https:\/\/www.alienor-vini.fr\/fr\/portfolio_page\/chateau-de-curson\/\"  target=\"_self\">Ch\u00e2teau de Curson &#8211; EN COURS<\/a><\/h5><\/div><\/div><span class='feature_holder'><span class=\"feature_holder_icons\"><a itemprop='url' class='preview qbutton small white' href='https:\/\/www.alienor-vini.fr\/fr\/portfolio_page\/chateau-de-curson\/' target='_self'>Afficher<\/a><\/span><\/span><\/span><\/span><\/span><\/div><\/article>\n<article class='mix ' style=''><div class='image_holder'><a itemprop='url' class='portfolio_link_for_touch' href='https:\/\/www.alienor-vini.fr\/fr\/portfolio_page\/chateau-de-sours\/' target='_self'><span class='image'><img width=\"700\" height=\"525\" src=\"https:\/\/www.alienor-vini.fr\/wp-content\/uploads\/2023\/02\/IMG_3119-700x525.jpeg\" class=\"attachment-portfolio_masonry_with_space size-portfolio_masonry_with_space wp-post-image\" alt=\"\" loading=\"lazy\" srcset=\"https:\/\/www.alienor-vini.fr\/wp-content\/uploads\/2023\/02\/IMG_3119-700x525.jpeg 700w, https:\/\/www.alienor-vini.fr\/wp-content\/uploads\/2023\/02\/IMG_3119-300x225.jpeg 300w, https:\/\/www.alienor-vini.fr\/wp-content\/uploads\/2023\/02\/IMG_3119-1024x768.jpeg 1024w, https:\/\/www.alienor-vini.fr\/wp-content\/uploads\/2023\/02\/IMG_3119-768x576.jpeg 768w, https:\/\/www.alienor-vini.fr\/wp-content\/uploads\/2023\/02\/IMG_3119-1536x1152.jpeg 1536w, https:\/\/www.alienor-vini.fr\/wp-content\/uploads\/2023\/02\/IMG_3119-2048x1536.jpeg 2048w, https:\/\/www.alienor-vini.fr\/wp-content\/uploads\/2023\/02\/IMG_3119-800x600.jpeg 800w\" sizes=\"(max-width: 700px) 100vw, 700px\" \/><\/span><\/a><span class='text_holder'><span class='text_outer'><span class='text_inner'><div class=\"hover_feature_holder_title\"><div class=\"hover_feature_holder_title_inner\"><h5 itemprop=\"name\" class=\"portfolio_title entry_title\"><a itemprop=\"url\" href=\"https:\/\/www.alienor-vini.fr\/fr\/portfolio_page\/chateau-de-sours\/\"  target=\"_self\">Ch\u00e2teau de Sours (Saint Quentin de Baron)<\/a><\/h5><\/div><\/div><span class='feature_holder'><span class=\"feature_holder_icons\"><a itemprop='url' class='preview qbutton small white' href='https:\/\/www.alienor-vini.fr\/fr\/portfolio_page\/chateau-de-sours\/' target='_self'>Afficher<\/a><\/span><\/span><\/span><\/span><\/span><\/div><\/article>\n<div class='filler'><\/div>\n<div class='filler'><\/div>\n<div class='filler'><\/div>\n<\/div><\/div>[\/vc_column][\/vc_row][vc_row css_animation=\u00a0\u00bb\u00a0\u00bb row_type=\u00a0\u00bbrow\u00a0\u00bb use_row_as_full_screen_section=\u00a0\u00bbno\u00a0\u00bb type=\u00a0\u00bbgrid\u00a0\u00bb angled_section=\u00a0\u00bbno\u00a0\u00bb text_align=\u00a0\u00bbleft\u00a0\u00bb background_image_as_pattern=\u00a0\u00bbwithout_pattern\u00a0\u00bb background_color=\u00a0\u00bb#2e77b0&Prime; z_index=\u00a0\u00bb\u00a0\u00bb][vc_column width=\u00a0\u00bb1\/2&Prime; css=\u00a0\u00bb.vc_custom_1562053154513{margin-bottom: 0px !important;padding-bottom: 0px !important;}\u00a0\u00bb][vc_row_inner row_type=\u00a0\u00bbrow\u00a0\u00bb type=\u00a0\u00bbfull_width\u00a0\u00bb text_align=\u00a0\u00bbcenter\u00a0\u00bb css_animation=\u00a0\u00bb\u00a0\u00bb css=\u00a0\u00bb.vc_custom_1570799688062{padding-top: 75px !important;}\u00a0\u00bb][vc_column_inner css=\u00a0\u00bb.vc_custom_1569348917898{margin-bottom: 0px !important;padding-bottom: 0px !important;}\u00a0\u00bb][vc_column_text]<\/p>\n<h2 style=\"text-align: center;\"><span style=\"color: #ffffff;\">REJOIGNEZ NOS \u00c9QUIPES <\/span><\/h2>\n<p>[\/vc_column_text][vc_separator type=\u00a0\u00bbsmall\u00a0\u00bb position=\u00a0\u00bbcenter\u00a0\u00bb color=\u00a0\u00bb#ffffff\u00a0\u00bb up=\u00a0\u00bb7&Prime; down=\u00a0\u00bb38&Prime;][vc_column_text]<\/p>\n<p style=\"text-align: center;\"><span style=\"color: #ffffff;\">Nous recrutons nos futurs talents dans toute la France<\/span><\/p>\n<p>[\/vc_column_text][vc_separator type=\u00a0\u00bbtransparent\u00a0\u00bb up=\u00a0\u00bb35&Prime; down=\u00a0\u00bb0&Prime;]<a  itemprop=\"url\" href=\"https:\/\/alienor-groupe.com\/carrieres\/\" target=\"_blank\" data-hover-background-color=#ffffff data-hover-border-color=#ffffff data-hover-color=#000000 class=\"qbutton  default\" style=\"color: #ffffff; border-color: #ffffff; \">NOS OFFRES D'EMPLOI<\/a>[\/vc_column_inner][\/vc_row_inner][\/vc_column][vc_column width=\u00a0\u00bb1\/2&Prime; css=\u00a0\u00bb.vc_custom_1562052884665{margin-bottom: 0px !important;padding-bottom: 0px !important;}\u00a0\u00bb][vc_single_image image=\u00a0\u00bb1687&Prime; img_size=\u00a0\u00bbfull\u00a0\u00bb alignment=\u00a0\u00bbcenter\u00a0\u00bb onclick=\u00a0\u00bbcustom_link\u00a0\u00bb img_link_target=\u00a0\u00bb_blank\u00a0\u00bb qode_css_animation=\u00a0\u00bbelement_from_right\u00a0\u00bb transition_delay=\u00a0\u00bb0.3&Prime; css=\u00a0\u00bb.vc_custom_1659707953659{margin-bottom: 0px !important;padding-top: 25px !important;padding-bottom: 0px !important;}\u00a0\u00bb link=\u00a0\u00bbhttps:\/\/alienor-groupe.com\/carrieres\/\u00a0\u00bb][\/vc_column][\/vc_row][vc_row css_animation=\u00a0\u00bb\u00a0\u00bb row_type=\u00a0\u00bbrow\u00a0\u00bb use_row_as_full_screen_section=\u00a0\u00bbno\u00a0\u00bb type=\u00a0\u00bbfull_width\u00a0\u00bb angled_section=\u00a0\u00bbno\u00a0\u00bb text_align=\u00a0\u00bbcenter\u00a0\u00bb background_image_as_pattern=\u00a0\u00bbwithout_pattern\u00a0\u00bb padding_top=\u00a0\u00bb0&Prime; padding_bottom=\u00a0\u00bb100&Prime; z_index=\u00a0\u00bb\u00a0\u00bb css=\u00a0\u00bb.vc_custom_1569836508497{margin-top: 0px !important;margin-right: 0px !important;margin-bottom: 0px !important;margin-left: 0px !important;padding-top: 75px !important;padding-right: 55px !important;padding-bottom: 75px !important;padding-left: 55px !important;background-color: #640e39 !important;}\u00a0\u00bb][vc_column][vc_column_text]<\/p>\n<p class=\"p1\" style=\"text-align: center;\"><span style=\"color: #ffffff;\"><strong>Ali\u00e9nor Ing\u00e9nierie Vinicole<\/strong><\/span><\/p>\n<p class=\"p2\" style=\"text-align: center;\"><span style=\"color: #ffffff;\">4, all\u00e9e de la Crabette, b\u00e2t. 1 &#8211;\u00a033615 Pessac<\/span><\/p>\n<p class=\"p2\" style=\"text-align: center;\"><span style=\"color: #ffffff;\"><a style=\"color: #ffffff;\" href=\"tel:+33556078000\">+33 (0)5 56 07 80 00<\/a> &#8211;\u00a0<a style=\"color: #ffffff;\" href=\"mailto:contact@alienor-vini.fr\">contact@alienor-vini.fr<\/a><\/span><\/p>\n<p>[\/vc_column_text][\/vc_column][\/vc_row][vc_row css_animation=\u00a0\u00bb\u00a0\u00bb row_type=\u00a0\u00bbrow\u00a0\u00bb use_row_as_full_screen_section=\u00a0\u00bbno\u00a0\u00bb type=\u00a0\u00bbfull_width\u00a0\u00bb angled_section=\u00a0\u00bbno\u00a0\u00bb text_align=\u00a0\u00bbleft\u00a0\u00bb background_image_as_pattern=\u00a0\u00bbwithout_pattern\u00a0\u00bb][vc_column][\/vc_column][\/vc_row]<\/p>\n","protected":false},"excerpt":{"rendered":"<p>[vc_row css_animation=\u00a0\u00bb\u00a0\u00bb row_type=\u00a0\u00bbrow\u00a0\u00bb use_row_as_full_screen_section=\u00a0\u00bbno\u00a0\u00bb type=\u00a0\u00bbfull_width\u00a0\u00bb header_style=\u00a0\u00bblight\u00a0\u00bb angled_section=\u00a0\u00bbno\u00a0\u00bb text_align=\u00a0\u00bbleft\u00a0\u00bb background_image=\u00a0\u00bb818&Prime; background_image_as_pattern=\u00a0\u00bbwithout_pattern\u00a0\u00bb css=\u00a0\u00bb.vc_custom_1571226037277{margin-top: 0px !important;padding-top: 120px !important;padding-bottom: 120px !important;}\u00a0\u00bb z_index=\u00a0\u00bb\u00a0\u00bb][vc_column width=\u00a0\u00bb1\/6&Prime;][\/vc_column][vc_column width=\u00a0\u00bb2\/3&Prime;][vc_column_text css=\u00a0\u00bb.vc_custom_1572446099849{padding-top: 75px !important;padding-right: 25px !important;padding-bottom: 75px !important;padding-left: 25px !important;}\u00a0\u00bb] N\u00e9e de l\u2019association entre des sp\u00e9cialistes de la conception de chais et process vinicole, et d\u2019une&#8230;<\/p>\n","protected":false},"author":1,"featured_media":0,"parent":0,"menu_order":0,"comment_status":"closed","ping_status":"closed","template":"full_width.php","meta":[],"_links":{"self":[{"href":"https:\/\/www.alienor-vini.fr\/fr\/wp-json\/wp\/v2\/pages\/6"}],"collection":[{"href":"https:\/\/www.alienor-vini.fr\/fr\/wp-json\/wp\/v2\/pages"}],"about":[{"href":"https:\/\/www.alienor-vini.fr\/fr\/wp-json\/wp\/v2\/types\/page"}],"author":[{"embeddable":true,"href":"https:\/\/www.alienor-vini.fr\/fr\/wp-json\/wp\/v2\/users\/1"}],"replies":[{"embeddable":true,"href":"https:\/\/www.alienor-vini.fr\/fr\/wp-json\/wp\/v2\/comments?post=6"}],"version-history":[{"count":276,"href":"https:\/\/www.alienor-vini.fr\/fr\/wp-json\/wp\/v2\/pages\/6\/revisions"}],"predecessor-version":[{"id":1885,"href":"https:\/\/www.alienor-vini.fr\/fr\/wp-json\/wp\/v2\/pages\/6\/revisions\/1885"}],"wp:attachment":[{"href":"https:\/\/www.alienor-vini.fr\/fr\/wp-json\/wp\/v2\/media?parent=6"}],"curies":[{"name":"wp","href":"https:\/\/api.w.org\/{rel}","templated":true}]}}